{"id":260,"date":"2018-05-20T09:00:04","date_gmt":"2018-05-20T07:00:04","guid":{"rendered":"https:\/\/www.fundacionnaturgy.org\/museo-bolarque\/?page_id=260"},"modified":"2019-06-27T18:26:13","modified_gmt":"2019-06-27T16:26:13","slug":"descubre-la-ciencia-del-rio-tajo","status":"publish","type":"page","link":"https:\/\/www.fundacionnaturgy.org\/museo-bolarque\/programa-educativo-bolarque\/descubre-la-ciencia-del-rio-tajo\/","title":{"rendered":"Descubre la ciencia del r\u00edo Tajo"},"content":{"rendered":"<p>[vc_row][vc_column width=\u00bb1\/2&#8243;][vc_single_image image=\u00bb261&#8243; img_size=\u00bbfull\u00bb][\/vc_column][vc_column width=\u00bb1\/2&#8243;][vc_column_text]<\/p>\n<h2>Tem\u00e1tica:\u00a0Medioambiente<\/h2>\n<p>El agua es un bien limitado e imprescindible para el desarrollo de la sociedad y de los ecosistemas. Cuidar nuestros r\u00edos es esencial para la consecuci\u00f3n de un desarrollo sostenible. En esta actividad entender\u00e1s la importancia de preservar los r\u00edos y de ser eficiente en el consumo del agua.<\/p>\n<p>Convi\u00e9rtete en cient\u00edfico por un d\u00eda analizando las aguas del r\u00edo Tajo a su paso por el Salto de Bolarque. Analizar\u00e1s el Ph, la temperatura, la turbidez, los nitratos o el ox\u00edgeno disuelto para interpretar, en equipos, el significado de los datos y conocer el estado del r\u00edo.[\/vc_column_text][\/vc_column][\/vc_row][vc_row][vc_column width=\u00bb1\/2&#8243;][vc_column_text]<\/p>\n<h3>Objetivos<\/h3>\n<ul>\n<li>Conocer los distintos par\u00e1metros de calidad de las aguas as\u00ed como interpretar sus repercusiones sobre el medio ambiente y sobre la sociedad.<\/li>\n<li>Entender las partes de un r\u00edo y su cuenca hidrogr\u00e1fica.<\/li>\n<li>Comprender el m\u00e9todo cient\u00edfico de elaboraci\u00f3n y comprobaci\u00f3n de la hip\u00f3tesis.<\/li>\n<\/ul>\n<p>[\/vc_column_text][\/vc_column][vc_column width=\u00bb1\/2&#8243;][vc_column_text]<\/p>\n<h3>Nivel educativo<\/h3>\n<ul>\n<li>Ciclo Superior de Educaci\u00f3n Primaria.<\/li>\n<li>Educaci\u00f3n Secundaria Obligatoria (ESO).<\/li>\n<\/ul>\n<p>[\/vc_column_text][\/vc_column][\/vc_row][vc_row][vc_column width=\u00bb1\/2&#8243;][vc_column_text]<\/p>\n<h3>Competencias<\/h3>\n<ul>\n<li>Competencia matem\u00e1tica y competencias b\u00e1sicas en ciencia y tecnolog\u00eda.<\/li>\n<li>Sentido de la iniciativa y esp\u00edritu emprendedor.<\/li>\n<li>Aprender\u00a0a aprender.<\/li>\n<\/ul>\n<p>[\/vc_column_text]<a class=\"gnf-boton oscuro left\" href=\"http:\/\/www.fundacionnaturgy.org\/museo-bolarque\/wp-content\/uploads\/sites\/4\/2019\/05\/programa_actividades_didacticas_2019-2020_museo_bolarque.pdf\" title=\"\" target=\"_self\">Folleto de actividades<\/a>[\/vc_column][vc_column width=\u00bb1\/2&#8243;][vc_column_text]<\/p>\n<h3>Informaci\u00f3n pr\u00e1ctica<\/h3>\n<ul>\n<li>Horario de visitas: De lunes a viernes, con reserva previa.<\/li>\n<\/ul>\n<p>[\/vc_column_text][\/vc_column][\/vc_row][vc_row][vc_column width=\u00bb2\/3&#8243;][vc_empty_space]<script type=\"text\/javascript\">var gform;gform||(document.addEventListener(\"gform_main_scripts_loaded\",function(){gform.scriptsLoaded=!0}),window.addEventListener(\"DOMContentLoaded\",function(){gform.domLoaded=!0}),gform={domLoaded:!1,scriptsLoaded:!1,initializeOnLoaded:function(o){gform.domLoaded&&gform.scriptsLoaded?o():!gform.domLoaded&&gform.scriptsLoaded?window.addEventListener(\"DOMContentLoaded\",o):document.addEventListener(\"gform_main_scripts_loaded\",o)},hooks:{action:{},filter:{}},addAction:function(o,n,r,t){gform.addHook(\"action\",o,n,r,t)},addFilter:function(o,n,r,t){gform.addHook(\"filter\",o,n,r,t)},doAction:function(o){gform.doHook(\"action\",o,arguments)},applyFilters:function(o){return gform.doHook(\"filter\",o,arguments)},removeAction:function(o,n){gform.removeHook(\"action\",o,n)},removeFilter:function(o,n,r){gform.removeHook(\"filter\",o,n,r)},addHook:function(o,n,r,t,i){null==gform.hooks[o][n]&&(gform.hooks[o][n]=[]);var e=gform.hooks[o][n];null==i&&(i=n+\"_\"+e.length),gform.hooks[o][n].push({tag:i,callable:r,priority:t=null==t?10:t})},doHook:function(n,o,r){var t;if(r=Array.prototype.slice.call(r,1),null!=gform.hooks[n][o]&&((o=gform.hooks[n][o]).sort(function(o,n){return o.priority-n.priority}),o.forEach(function(o){\"function\"!=typeof(t=o.callable)&&(t=window[t]),\"action\"==n?t.apply(null,r):r[0]=t.apply(null,r)})),\"filter\"==n)return r[0]},removeHook:function(o,n,t,i){var r;null!=gform.hooks[o][n]&&(r=(r=gform.hooks[o][n]).filter(function(o,n,r){return!!(null!=i&&i!=o.tag||null!=t&&t!=o.priority)}),gform.hooks[o][n]=r)}});<\/script>\n                <div class='gf_browser_gecko gform_wrapper gform_legacy_markup_wrapper' id='gform_wrapper_1' >\n                        <div class='gform_heading'>\n                            <h3 class=\"gform_title\">Solicita m\u00e1s informaci\u00f3n para las actividades formativas de Bolarque<\/h3>\n                        <\/div><form method='post' enctype='multipart\/form-data'  id='gform_1'  action='\/museo-bolarque\/wp-json\/wp\/v2\/pages\/260' >\n                        <div class='gform_body gform-body'><ul id='gform_fields_1' class='gform_fields top_label form_sublabel_below description_below'><li id=\"field_1_1\" class=\"gfield gf_list_inline gfield_contains_required field_sublabel_below field_description_below gfield_visibility_visible\" ><label class='gfield_label'  >Tratamiento<span class=\"gfield_required\"><span class=\"gfield_required gfield_required_asterisk\">*<\/span><\/span><\/label><div class='ginput_container ginput_container_radio'><ul class='gfield_radio' id='input_1_1'>\n\t\t\t<li class='gchoice gchoice_1_1_0'>\n\t\t\t\t<input name='input_1' type='radio' value='Sr.'  id='choice_1_1_0'    \/>\n\t\t\t\t<label for='choice_1_1_0' id='label_1_1_0'>Sr.<\/label>\n\t\t\t<\/li>\n\t\t\t<li class='gchoice gchoice_1_1_1'>\n\t\t\t\t<input name='input_1' type='radio' value='Sra.'  id='choice_1_1_1'    \/>\n\t\t\t\t<label for='choice_1_1_1' id='label_1_1_1'>Sra.<\/label>\n\t\t\t<\/li><\/ul><\/div><\/li><li id=\"field_1_7\" class=\"gfield gf_left_half gfield_contains_required field_sublabel_below field_description_below gfield_visibility_visible\" ><label class='gfield_label' for='input_1_7' >Nombre<span class=\"gfield_required\"><span class=\"gfield_required gfield_required_asterisk\">*<\/span><\/span><\/label><div class='ginput_container ginput_container_text'><input name='input_7' id='input_1_7' type='text' value='' class='large'     aria-required=\"true\" aria-invalid=\"false\"   \/> <\/div><\/li><li id=\"field_1_8\" class=\"gfield gf_right_half gfield_contains_required field_sublabel_below field_description_below gfield_visibility_visible\" ><label class='gfield_label' for='input_1_8' >Apellidos<span class=\"gfield_required\"><span class=\"gfield_required gfield_required_asterisk\">*<\/span><\/span><\/label><div class='ginput_container ginput_container_text'><input name='input_8' id='input_1_8' type='text' value='' class='large'     aria-required=\"true\" aria-invalid=\"false\"   \/> <\/div><\/li><li id=\"field_1_3\" class=\"gfield gfield_contains_required field_sublabel_below field_description_below gfield_visibility_visible\" ><label class='gfield_label' for='input_1_3' >Correo electr\u00f3nico<span class=\"gfield_required\"><span class=\"gfield_required gfield_required_asterisk\">*<\/span><\/span><\/label><div class='ginput_container ginput_container_email'>\n                            <input name='input_3' id='input_1_3' type='text' value='' class='large'    aria-required=\"true\" aria-invalid=\"false\"  \/>\n                        <\/div><\/li><li id=\"field_1_4\" class=\"gfield gfield_contains_required field_sublabel_below field_description_below gfield_visibility_visible\" ><label class='gfield_label' for='input_1_4' >Nombre de la actividad<span class=\"gfield_required\"><span class=\"gfield_required gfield_required_asterisk\">*<\/span><\/span><\/label><div class='ginput_container ginput_container_text'><input name='input_4' id='input_1_4' type='text' value='' class='large'     aria-required=\"true\" aria-invalid=\"false\"   \/> <\/div><\/li><li id=\"field_1_11\" class=\"gfield gfield_contains_required field_sublabel_below field_description_below gfield_visibility_visible\" ><label class='gfield_label' for='input_1_11' >Tel\u00e9fono<span class=\"gfield_required\"><span class=\"gfield_required gfield_required_asterisk\">*<\/span><\/span><\/label><div class='ginput_container ginput_container_text'><input name='input_11' id='input_1_11' type='text' value='' class='medium'     aria-required=\"true\" aria-invalid=\"false\"   \/> <\/div><\/li><li id=\"field_1_5\" class=\"gfield field_sublabel_below field_description_below gfield_visibility_visible\" ><label class='gfield_label' for='input_1_5' >Comentarios<\/label><div class='ginput_container ginput_container_textarea'><textarea name='input_5' id='input_1_5' class='textarea large'      aria-invalid=\"false\"   rows='10' cols='50'><\/textarea><\/div><\/li><li id=\"field_1_10\" class=\"gfield gfield_contains_required field_sublabel_below field_description_below gfield_visibility_visible\" ><label class='gfield_label gfield_label_before_complex'  >Pol\u00edtica de privacidad<span class=\"gfield_required\"><span class=\"gfield_required gfield_required_asterisk\">*<\/span><\/span><\/label><div class='ginput_container ginput_container_checkbox'><ul class='gfield_checkbox' id='input_1_10'><li class='gchoice gchoice_1_10_1'>\n\t\t\t\t\t\t\t\t<input class='gfield-choice-input' name='input_10.1' type='checkbox'  value='He le\u00eddo y acepto los &lt;a href=&quot;http:\/\/www.fundacionnaturgy.org\/nota-legal&quot;&gt;t\u00e9rminos y condiciones de uso&lt;\/a&gt;'  id='choice_1_10_1'   aria-describedby=\"gfield_description_1_10\"\/>\n\t\t\t\t\t\t\t\t<label for='choice_1_10_1' id='label_1_10_1'>He le\u00eddo y acepto los <a href=\"http:\/\/www.fundacionnaturgy.org\/nota-legal\">t\u00e9rminos y condiciones de uso<\/a><\/label>\n\t\t\t\t\t\t\t<\/li><\/ul><\/div><div class='gfield_description' id='gfield_description_1_10'>De conformidad con lo establecido en el Reglamento General de Protecci\u00f3n de Datos  y dem\u00e1s normativa aplicable  en protecci\u00f3n de datos, le informamos del tratamiento de sus datos por parte del responsable del mismo, Fundaci\u00f3n Naturgy, con domicilio en Avenida San Luis n\u00ba 77, Madrid 28033, para gestionar los formularios y solicitudes de la p\u00e1gina web.                                                                                                                                                                                                                                                                  \n\nVd. tiene derecho a acceder, rectificar y suprimir los datos, limitar su tratamiento, oponerse al tratamiento y ejercer su derecho a la portabilidad de los datos de car\u00e1cter personal, en cualquier momento dirigi\u00e9ndose al Delegado de Protecci\u00f3n de Datos situado en Pla\u00e7a del Gas n\u00ba 1 - 08003 Barcelona con la referencia \u201cSolicitud Protecci\u00f3n de Datos - Fundaci\u00f3n\u201d o en la direcci\u00f3n de correo <a href=\"mailto:dpd-dpo@naturgy.com\">dpd-dpo@naturgy.com<\/a>, adjuntando una copia del documento que acredite su identidad (DNI\/NIE). \n\nLe aconsejamos consulte informaci\u00f3n detallada sobre protecci\u00f3n de datos disponible en nuestra p\u00e1gina web <a href=\"http:\/\/www.fundacionnaturgy.org\/nota-legal\">http:\/\/www.fundacionnaturgy.org\/nota-legal\/<\/a>  o solicitando su env\u00edo por email.<\/div><\/li><\/ul><\/div>\n        <div class='gform_footer top_label'> <input type='submit' id='gform_submit_button_1' class=\"gform_button button small radius\" value='Enviar'  onclick='if(window[\"gf_submitting_1\"]){return false;}  window[\"gf_submitting_1\"]=true;  ' onkeypress='if( event.keyCode == 13 ){ if(window[\"gf_submitting_1\"]){return false;} window[\"gf_submitting_1\"]=true;  jQuery(\"#gform_1\").trigger(\"submit\",[true]); }' \/> \n            <input type='hidden' class='gform_hidden' name='is_submit_1' value='1' \/>\n            <input type='hidden' class='gform_hidden' name='gform_submit' value='1' \/>\n            \n            <input type='hidden' class='gform_hidden' name='gform_unique_id' value='' \/>\n            <input type='hidden' class='gform_hidden' name='state_1' value='WyJbXSIsIjA1MjUyZDM0MWJiMTM3MDEwMmM2MTQwZmUyYWNiMjZlIl0=' \/>\n            <input type='hidden' class='gform_hidden' name='gform_target_page_number_1' id='gform_target_page_number_1' value='0' \/>\n            <input type='hidden' class='gform_hidden' name='gform_source_page_number_1' id='gform_source_page_number_1' value='1' \/>\n            <input type='hidden' name='gform_field_values' value='' \/>\n            \n        <\/div>\n                        <\/form>\n                        <\/div>[\/vc_column][vc_column width=\u00bb1\/3&#8243;][\/vc_column][\/vc_row]<\/p>\n","protected":false},"excerpt":{"rendered":"<p>[vc_row][vc_column width=\u00bb1\/2&#8243;][vc_single_image image=\u00bb261&#8243; img_size=\u00bbfull\u00bb][\/vc_column][vc_column width=\u00bb1\/2&#8243;][vc_column_text] Tem\u00e1tica:\u00a0Medioambiente El agua es un bien limitado e imprescindible para el desarrollo de la sociedad y de los ecosistemas. Cuidar nuestros r\u00edos es esencial para la consecuci\u00f3n de un desarrollo sostenible. En esta actividad entender\u00e1s la importancia de preservar los r\u00edos y de ser eficiente en el consumo del agua.<span class=\"more-link\"><a href=\"https:\/\/www.fundacionnaturgy.org\/museo-bolarque\/programa-educativo-bolarque\/descubre-la-ciencia-del-rio-tajo\/\">Leer m\u00e1s<\/a><\/span><\/p>\n","protected":false},"author":1454,"featured_media":0,"parent":58,"menu_order":0,"comment_status":"closed","ping_status":"closed","template":"templates\/full-width.php","meta":[],"categories":[],"acf":[],"_links":{"self":[{"href":"https:\/\/www.fundacionnaturgy.org\/museo-bolarque\/wp-json\/wp\/v2\/pages\/260"}],"collection":[{"href":"https:\/\/www.fundacionnaturgy.org\/museo-bolarque\/wp-json\/wp\/v2\/pages"}],"about":[{"href":"https:\/\/www.fundacionnaturgy.org\/museo-bolarque\/wp-json\/wp\/v2\/types\/page"}],"author":[{"embeddable":true,"href":"https:\/\/www.fundacionnaturgy.org\/museo-bolarque\/wp-json\/wp\/v2\/users\/1454"}],"replies":[{"embeddable":true,"href":"https:\/\/www.fundacionnaturgy.org\/museo-bolarque\/wp-json\/wp\/v2\/comments?post=260"}],"version-history":[{"count":0,"href":"https:\/\/www.fundacionnaturgy.org\/museo-bolarque\/wp-json\/wp\/v2\/pages\/260\/revisions"}],"up":[{"embeddable":true,"href":"https:\/\/www.fundacionnaturgy.org\/museo-bolarque\/wp-json\/wp\/v2\/pages\/58"}],"wp:attachment":[{"href":"https:\/\/www.fundacionnaturgy.org\/museo-bolarque\/wp-json\/wp\/v2\/media?parent=260"}],"wp:term":[{"taxonomy":"category","embeddable":true,"href":"https:\/\/www.fundacionnaturgy.org\/museo-bolarque\/wp-json\/wp\/v2\/categories?post=260"}],"curies":[{"name":"wp","href":"https:\/\/api.w.org\/{rel}","templated":true}]}}