{"id":58,"date":"2017-08-09T16:09:38","date_gmt":"2017-08-09T14:09:38","guid":{"rendered":"https:\/\/www.fundacionnaturgy.org\/museo-bolarque\/?page_id=58"},"modified":"2020-11-06T08:48:17","modified_gmt":"2020-11-06T07:48:17","slug":"programa-educativo-bolarque","status":"publish","type":"page","link":"https:\/\/www.fundacionnaturgy.org\/museo-bolarque\/programa-educativo-bolarque\/","title":{"rendered":"Programa educativo Bolarque"},"content":{"rendered":"<p>[vc_row][vc_column width=\u00bb2\/3&#8243;]<div class=\"gnf-texto-destacado\" style=\"background-color:#edf0f1;border-color:#004165;\"><h4 style=\"color:#004165\">Visitas y programa de actividades formativas de la Central Hidroel\u00e9ctrica y del Museo Bolarque<\/h4>\u00bfC\u00f3mo funciona una central hidroel\u00e9ctrica? \u00bfC\u00f3mo se genera electricidad y c\u00f3mo se transporta a nuestros hogares? \u00bfQu\u00e9 cambios provoc\u00f3 la llegada de la electricidad en la sociedad y en la industria?<\/div>[vc_empty_space][\/vc_column][vc_column width=\u00bb1\/3&#8243;][vc_single_image image=\u00bb447&#8243; alignment=\u00bbcenter\u00bb][\/vc_column][\/vc_row][vc_row][vc_column][vc_images_carousel images=\u00bb392,393,394,395&#8243; img_size=\u00bbfull\u00bb onclick=\u00bblink_no\u00bb speed=\u00bb3000&#8243; autoplay=\u00bbyes\u00bb wrap=\u00bbyes\u00bb][\/vc_column][\/vc_row][vc_row][vc_column width=\u00bb2\/3&#8243;][vc_column_text]<strong>A lo largo del itinerario por el complejo de la Central Hidroel\u00e9ctrica de Bolarque, ubicado en un paraje natural privilegiado, descubrimos en primera persona el proceso de producci\u00f3n, generaci\u00f3n, transformaci\u00f3n y transporte de la energ\u00eda el\u00e9ctrica. La visita se complementa en el Museo de Bolarque, que muestra un recorrido hist\u00f3rico por el sector energ\u00e9tico a trav\u00e9s de <\/strong><strong>maquinaria<\/strong> <strong>y de documentos originales de distintas \u00e9pocas.<\/strong><\/p>\n<p>La Central Hidroel\u00e9ctrica y el Museo Bolarque presentan una <strong>oferta nueva de actividades\u00a0educativas\u00a0sobre energ\u00eda, tecnolog\u00eda e historia<\/strong> para alumnos de Educaci\u00f3n Primaria y Secundaria. Los talleres ofrecen las herramientas necesarias para que los estudiantes aprendan los secretos de la energ\u00eda de manera din\u00e1mica, participativa y contextualizada. El Museo Bolarque ocupa el edificio de la antigua casa de m\u00e1quinas de la primera central hidroel\u00e9ctrica de Bolarque, que se ubic\u00f3 junto a un antiguo molino molturador de cereal del siglo XII. La exposici\u00f3n permanente repasa la <strong>historia de la energ\u00eda<\/strong> a trav\u00e9s de los avances tecnol\u00f3gicos y de las transformaciones en la sociedad y en la industria. El recorrido finaliza con una <strong>reflexi\u00f3n sobre el futuro de las energ\u00edas<\/strong>, la eficiencia energ\u00e9tica y la sostenibilidad.<\/p>\n<p>Para solicitar m\u00e1s informaci\u00f3n sobre la visita o concertar reserva de talleres did\u00e1cticos previstos para el curso <strong>2020\/2021<\/strong>, los centros escolares interesados deber\u00e1n contactar directamente con el <strong>Museo Bolarque<\/strong> en el tel\u00e9fono 912 100 121 o a trav\u00e9s del correo electr\u00f3nico:\u00a0<a href=\"mailto:museobolarquefgnf@naturgy.com\">museobolarquefgnf@naturgy.com<\/a>[\/vc_column_text][vc_empty_space height=\u00bb16px\u00bb]<a class=\"gnf-boton oscuro left\" href=\"https:\/\/www.fundacionnaturgy.org\/museo-bolarque\/wp-content\/uploads\/sites\/4\/2017\/08\/programa_actividades_didacticas_museo_bolarque.pdf\" title=\"\" target=\"_self\">Folleto curso actividades educativas<\/a>[vc_empty_space height=\u00bb96px\u00bb][vc_column_text]<\/p>\n<p style=\"text-align: left;\"><iframe loading=\"lazy\" src=\"https:\/\/www.youtube.com\/embed\/YmvYvCnBiag\" width=\"560\" height=\"315\" frameborder=\"0\" allowfullscreen=\"allowfullscreen\"><\/iframe><\/p>\n<p>[\/vc_column_text][\/vc_column][vc_column width=\u00bb1\/3&#8243;]<div class=\"gnf-destacado-img\"><a href=\"http:\/\/www.fundacionnaturgy.org\/museo-bolarque\/educacion-primaria\/\" title=\"\" target=\"_self\"><figure class=\"gnf-destacado-img__imagen\"><img width=\"1782\" height=\"1243\" src=\"https:\/\/www.fundacionnaturgy.org\/museo-bolarque\/wp-content\/uploads\/sites\/4\/2017\/08\/Fot\u00f3grafo-Dani-Rovira_DSC8597-1.jpg\" class=\"attachment-full size-full\" alt=\"\" loading=\"lazy\" srcset=\"https:\/\/www.fundacionnaturgy.org\/museo-bolarque\/wp-content\/uploads\/sites\/4\/2017\/08\/Fot\u00f3grafo-Dani-Rovira_DSC8597-1.jpg 1782w, https:\/\/www.fundacionnaturgy.org\/museo-bolarque\/wp-content\/uploads\/sites\/4\/2017\/08\/Fot\u00f3grafo-Dani-Rovira_DSC8597-1-300x209.jpg 300w, https:\/\/www.fundacionnaturgy.org\/museo-bolarque\/wp-content\/uploads\/sites\/4\/2017\/08\/Fot\u00f3grafo-Dani-Rovira_DSC8597-1-768x536.jpg 768w, https:\/\/www.fundacionnaturgy.org\/museo-bolarque\/wp-content\/uploads\/sites\/4\/2017\/08\/Fot\u00f3grafo-Dani-Rovira_DSC8597-1-1024x714.jpg 1024w, https:\/\/www.fundacionnaturgy.org\/museo-bolarque\/wp-content\/uploads\/sites\/4\/2017\/08\/Fot\u00f3grafo-Dani-Rovira_DSC8597-1-201x140.jpg 201w\" sizes=\"(max-width: 1782px) 100vw, 1782px\" \/><figcaption class=\"link bottom\" style=\"background: rgba(255,255,255,0.9);\"><h4 class=\"left\">Primaria<\/h4><\/figcaption><\/figure><\/a><div class=\"gnf-destacado-img__texto small-only-text-center\"><\/div><\/div><div class=\"gnf-destacado-img\"><a href=\"http:\/\/www.fundacionnaturgy.org\/museo-bolarque\/educacion-secundaria-obligatoria-eso\/\" title=\"\" target=\"_self\"><figure class=\"gnf-destacado-img__imagen\"><img width=\"1100\" height=\"762\" src=\"https:\/\/www.fundacionnaturgy.org\/museo-bolarque\/wp-content\/uploads\/sites\/4\/2017\/08\/Fotografia-Dani-Rovira_DSC8576.jpg\" class=\"attachment-full size-full\" alt=\"\" loading=\"lazy\" srcset=\"https:\/\/www.fundacionnaturgy.org\/museo-bolarque\/wp-content\/uploads\/sites\/4\/2017\/08\/Fotografia-Dani-Rovira_DSC8576.jpg 1100w, https:\/\/www.fundacionnaturgy.org\/museo-bolarque\/wp-content\/uploads\/sites\/4\/2017\/08\/Fotografia-Dani-Rovira_DSC8576-300x208.jpg 300w, https:\/\/www.fundacionnaturgy.org\/museo-bolarque\/wp-content\/uploads\/sites\/4\/2017\/08\/Fotografia-Dani-Rovira_DSC8576-768x532.jpg 768w, https:\/\/www.fundacionnaturgy.org\/museo-bolarque\/wp-content\/uploads\/sites\/4\/2017\/08\/Fotografia-Dani-Rovira_DSC8576-1024x709.jpg 1024w, https:\/\/www.fundacionnaturgy.org\/museo-bolarque\/wp-content\/uploads\/sites\/4\/2017\/08\/Fotografia-Dani-Rovira_DSC8576-202x140.jpg 202w\" sizes=\"(max-width: 1100px) 100vw, 1100px\" \/><figcaption class=\"link bottom\" style=\"background: rgba(255,255,255,0.9);\"><h4 class=\"left\">ESO<\/h4><\/figcaption><\/figure><\/a><div class=\"gnf-destacado-img__texto small-only-text-center\"><\/div><\/div><div class=\"gnf-destacado-img\"><a href=\"\/museo-bolarque\/programa-educativo-bolarque\/la-energia-juego\/\" title=\"\" target=\"_self\"><figure class=\"gnf-destacado-img__imagen\"><img width=\"303\" height=\"211\" src=\"https:\/\/www.fundacionnaturgy.org\/museo-bolarque\/wp-content\/uploads\/sites\/4\/2017\/08\/Fot\u00f3grafo-Dani-Rovira_DSC8606-banner.jpg\" class=\"attachment-full size-full\" alt=\"\" loading=\"lazy\" srcset=\"https:\/\/www.fundacionnaturgy.org\/museo-bolarque\/wp-content\/uploads\/sites\/4\/2017\/08\/Fot\u00f3grafo-Dani-Rovira_DSC8606-banner.jpg 303w, https:\/\/www.fundacionnaturgy.org\/museo-bolarque\/wp-content\/uploads\/sites\/4\/2017\/08\/Fot\u00f3grafo-Dani-Rovira_DSC8606-banner-300x209.jpg 300w, https:\/\/www.fundacionnaturgy.org\/museo-bolarque\/wp-content\/uploads\/sites\/4\/2017\/08\/Fot\u00f3grafo-Dani-Rovira_DSC8606-banner-201x140.jpg 201w\" sizes=\"(max-width: 303px) 100vw, 303px\" \/><figcaption class=\"link bottom\" style=\"background: rgba(255,255,255,0.9);\"><h4 class=\"left\">Bachillerato<\/h4><\/figcaption><\/figure><\/a><div class=\"gnf-destacado-img__texto small-only-text-center\"><\/div><\/div><div class=\"gnf-destacado-img\"><a href=\"\/museo-bolarque\/programa-educativo-bolarque\/visita-la-central-hidroelectrica-museo-bolarque\/\" title=\"\" target=\"_self\"><figure class=\"gnf-destacado-img__imagen\"><img width=\"303\" height=\"211\" src=\"https:\/\/www.fundacionnaturgy.org\/museo-bolarque\/wp-content\/uploads\/sites\/4\/2017\/08\/Bolarque-exposici\u00f3n-banner.jpg\" class=\"attachment-full size-full\" alt=\"\" loading=\"lazy\" srcset=\"https:\/\/www.fundacionnaturgy.org\/museo-bolarque\/wp-content\/uploads\/sites\/4\/2017\/08\/Bolarque-exposici\u00f3n-banner.jpg 303w, https:\/\/www.fundacionnaturgy.org\/museo-bolarque\/wp-content\/uploads\/sites\/4\/2017\/08\/Bolarque-exposici\u00f3n-banner-300x209.jpg 300w, https:\/\/www.fundacionnaturgy.org\/museo-bolarque\/wp-content\/uploads\/sites\/4\/2017\/08\/Bolarque-exposici\u00f3n-banner-201x140.jpg 201w\" sizes=\"(max-width: 303px) 100vw, 303px\" \/><figcaption class=\"link bottom\" style=\"background: rgba(255,255,255,0.9);\"><h4 class=\"left\">Todos los niveles<\/h4><\/figcaption><\/figure><\/a><div class=\"gnf-destacado-img__texto small-only-text-center\"><\/div><\/div>[\/vc_column][\/vc_row][vc_row][vc_column]<div class=\"gnf-destacado-icono small-text-center medium-text-left row collapse\"><div class=\"gnf-destacado-icono__icono large-4 columns small-text-center medium-text-left \"><div class=\"icon-outer icon-style-default\" style=\"background-color:\"><span class=\"ico_info\"><\/span><\/div><\/div><div class=\"gnf-destacado-icono__texto large-8 columns\"><h4>Informaci\u00f3n y reservas<\/h4><strong>Fundaci\u00f3n\u00a0Naturgy<br \/>\nMuseo Bolarque<br \/>\n<\/strong>Salto de Bolarque<br \/>\n19118 Almonacid de Zorita (Guadalajara)<br \/>\nTel\u00e9fono: 912 100 121<br \/>\n<a href=\"mailto:museobolarquefgnf@naturgy.com\" target=\"_blank\">Correo electr\u00f3nico<\/a><\/div><\/div>[\/vc_column][\/vc_row]<\/p>\n","protected":false},"excerpt":{"rendered":"<p>[vc_row][vc_column width=\u00bb2\/3&#8243;][vc_empty_space][\/vc_column][vc_column width=\u00bb1\/3&#8243;][vc_single_image image=\u00bb447&#8243; alignment=\u00bbcenter\u00bb][\/vc_column][\/vc_row][vc_row][vc_column][vc_images_carousel images=\u00bb392,393,394,395&#8243; img_size=\u00bbfull\u00bb onclick=\u00bblink_no\u00bb speed=\u00bb3000&#8243; autoplay=\u00bbyes\u00bb wrap=\u00bbyes\u00bb][\/vc_column][\/vc_row][vc_row][vc_column width=\u00bb2\/3&#8243;][vc_column_text]A lo largo del itinerario por el complejo de la Central Hidroel\u00e9ctrica de Bolarque, ubicado en un paraje natural privilegiado, descubrimos en primera persona el proceso de producci\u00f3n, generaci\u00f3n, transformaci\u00f3n y transporte de la energ\u00eda el\u00e9ctrica. La visita se complementa en el Museo de<span class=\"more-link\"><a href=\"https:\/\/www.fundacionnaturgy.org\/museo-bolarque\/programa-educativo-bolarque\/\">Leer m\u00e1s<\/a><\/span><\/p>\n","protected":false},"author":11,"featured_media":0,"parent":0,"menu_order":0,"comment_status":"closed","ping_status":"closed","template":"templates\/full-width.php","meta":[],"categories":[],"acf":[],"_links":{"self":[{"href":"https:\/\/www.fundacionnaturgy.org\/museo-bolarque\/wp-json\/wp\/v2\/pages\/58"}],"collection":[{"href":"https:\/\/www.fundacionnaturgy.org\/museo-bolarque\/wp-json\/wp\/v2\/pages"}],"about":[{"href":"https:\/\/www.fundacionnaturgy.org\/museo-bolarque\/wp-json\/wp\/v2\/types\/page"}],"author":[{"embeddable":true,"href":"https:\/\/www.fundacionnaturgy.org\/museo-bolarque\/wp-json\/wp\/v2\/users\/11"}],"replies":[{"embeddable":true,"href":"https:\/\/www.fundacionnaturgy.org\/museo-bolarque\/wp-json\/wp\/v2\/comments?post=58"}],"version-history":[{"count":0,"href":"https:\/\/www.fundacionnaturgy.org\/museo-bolarque\/wp-json\/wp\/v2\/pages\/58\/revisions"}],"wp:attachment":[{"href":"https:\/\/www.fundacionnaturgy.org\/museo-bolarque\/wp-json\/wp\/v2\/media?parent=58"}],"wp:term":[{"taxonomy":"category","embeddable":true,"href":"https:\/\/www.fundacionnaturgy.org\/museo-bolarque\/wp-json\/wp\/v2\/categories?post=58"}],"curies":[{"name":"wp","href":"https:\/\/api.w.org\/{rel}","templated":true}]}}